{"id":4641,"date":"2021-09-06T17:57:59","date_gmt":"2021-09-06T15:57:59","guid":{"rendered":"https:\/\/mintnutricion.com\/bak\/?page_id=4641"},"modified":"2023-11-14T09:46:34","modified_gmt":"2023-11-14T08:46:34","slug":"reservas","status":"publish","type":"page","link":"https:\/\/mintnutricion.com\/bak\/reservas\/","title":{"rendered":"RESERVAS"},"content":{"rendered":"<h2 style=\"text-align: center;\">RESERVAR CONSULTA<\/h2>\n\n\n<div class=\"wp-block-amelia-booking-gutenberg-block\">\n<script>\n  if (typeof hasAmeliaAppointment === 'undefined') {\n    var hasAmeliaAppointment = true;\n  }\n  if (typeof hasAppointmentApiCall === 'undefined' && '' === '') {\n    var hasAppointmentApiCall = true;\n  }\n  var hasBookingShortcode = (typeof hasBookingShortcode === 'undefined') ? false : true;\n  var bookingEntitiesIds = (typeof bookingEntitiesIds === 'undefined') ? [] : bookingEntitiesIds;\n  bookingEntitiesIds.push(\n    {\n      'hasApiCall': (typeof hasAppointmentApiCall !== 'undefined') && hasAppointmentApiCall,\n      'trigger': '',\n      'show': '',\n      'counter': '0',\n      'category': '',\n      'service': '',\n      'employee': '',\n      'location': ''\n    }\n  );\n  var lazyBookingEntitiesIds = (typeof lazyBookingEntitiesIds === 'undefined') ? [] : lazyBookingEntitiesIds;\n  if (bookingEntitiesIds[bookingEntitiesIds.length - 1].trigger !== '') {\n    lazyBookingEntitiesIds.push(bookingEntitiesIds.pop());\n  }\n  if (typeof hasAppointmentApiCall !== 'undefined' && hasAppointmentApiCall) {\n    hasAppointmentApiCall = false;\n  }\n<\/script>\n\n<div id=\"amelia-app-booking0\" class=\"amelia-booking amelia-frontend amelia-app-booking\">\n  <booking id=\"amelia-step-booking0\"><\/booking>\n<\/div>\n<\/div>\n","protected":false},"excerpt":{"rendered":"<p>RESERVAR CONSULTA<\/p>\n","protected":false},"author":2,"featured_media":0,"parent":0,"menu_order":0,"comment_status":"closed","ping_status":"closed","template":"","meta":{"osom_blocks_metabox":"","inline_featured_image":false,"_genesis_hide_title":true,"_genesis_hide_breadcrumbs":false,"_genesis_hide_singular_image":false,"_genesis_hide_footer_widgets":false,"_genesis_custom_body_class":"","_genesis_custom_post_class":"","_genesis_layout":"","footnotes":""},"class_list":{"0":"post-4641","1":"page","2":"type-page","3":"status-publish","5":"entry"},"yoast_head":"<!-- This site is optimized with the Yoast SEO plugin v25.5 - https:\/\/yoast.com\/wordpress\/plugins\/seo\/ -->\n<title>Luc\u00eda Mu\u00f1oz \u25b7 Reservas de consultas presenciales<\/title>\n<meta name=\"description\" content=\"Accede para solicitar reservas de consula presencial. Ante cualquier duda, pod\u00e9is localizarme en el \ud83d\udcde 673 325 889 o info@mintnutricion.com.\" \/>\n<meta name=\"robots\" content=\"noindex, follow, max-snippet:-1, max-image-preview:large, max-video-preview:-1\" \/>\n<meta property=\"og:locale\" content=\"es_ES\" \/>\n<meta property=\"og:type\" content=\"article\" \/>\n<meta property=\"og:title\" content=\"Luc\u00eda Mu\u00f1oz \u25b7 Reservas de consultas presenciales\" \/>\n<meta property=\"og:description\" content=\"Accede para solicitar reservas de consula presencial. Ante cualquier duda, pod\u00e9is localizarme en el \ud83d\udcde 673 325 889 o info@mintnutricion.com.\" \/>\n<meta property=\"og:url\" content=\"https:\/\/mintnutricion.com\/bak\/reservas\/\" \/>\n<meta property=\"og:site_name\" content=\"Luc\u00eda Mu\u00f1oz\" \/>\n<meta property=\"article:modified_time\" content=\"2023-11-14T08:46:34+00:00\" \/>\n<meta name=\"twitter:card\" content=\"summary_large_image\" \/>\n<meta name=\"twitter:label1\" content=\"Tiempo de lectura\" \/>\n\t<meta name=\"twitter:data1\" content=\"1 minuto\" \/>\n<script type=\"application\/ld+json\" class=\"yoast-schema-graph\">{\"@context\":\"https:\/\/schema.org\",\"@graph\":[{\"@type\":\"WebPage\",\"@id\":\"https:\/\/mintnutricion.com\/bak\/reservas\/\",\"url\":\"https:\/\/mintnutricion.com\/bak\/reservas\/\",\"name\":\"Luc\u00eda Mu\u00f1oz \u25b7 Reservas de consultas presenciales\",\"isPartOf\":{\"@id\":\"https:\/\/mintnutricion.com\/bak\/#website\"},\"datePublished\":\"2021-09-06T15:57:59+00:00\",\"dateModified\":\"2023-11-14T08:46:34+00:00\",\"description\":\"Accede para solicitar reservas de consula presencial. Ante cualquier duda, pod\u00e9is localizarme en el \ud83d\udcde 673 325 889 o info@mintnutricion.com.\",\"breadcrumb\":{\"@id\":\"https:\/\/mintnutricion.com\/bak\/reservas\/#breadcrumb\"},\"inLanguage\":\"es\",\"potentialAction\":[{\"@type\":\"ReadAction\",\"target\":[\"https:\/\/mintnutricion.com\/bak\/reservas\/\"]}]},{\"@type\":\"BreadcrumbList\",\"@id\":\"https:\/\/mintnutricion.com\/bak\/reservas\/#breadcrumb\",\"itemListElement\":[{\"@type\":\"ListItem\",\"position\":1,\"name\":\"Portada\",\"item\":\"https:\/\/mintnutricion.com\/bak\/\"},{\"@type\":\"ListItem\",\"position\":2,\"name\":\"RESERVAS\"}]},{\"@type\":\"WebSite\",\"@id\":\"https:\/\/mintnutricion.com\/bak\/#website\",\"url\":\"https:\/\/mintnutricion.com\/bak\/\",\"name\":\"Luc\u00eda Mu\u00f1oz\",\"description\":\"Nutrici\u00f3n y Diet\u00e9tica\",\"publisher\":{\"@id\":\"https:\/\/mintnutricion.com\/bak\/#organization\"},\"potentialAction\":[{\"@type\":\"SearchAction\",\"target\":{\"@type\":\"EntryPoint\",\"urlTemplate\":\"https:\/\/mintnutricion.com\/bak\/?s={search_term_string}\"},\"query-input\":{\"@type\":\"PropertyValueSpecification\",\"valueRequired\":true,\"valueName\":\"search_term_string\"}}],\"inLanguage\":\"es\"},{\"@type\":\"Organization\",\"@id\":\"https:\/\/mintnutricion.com\/bak\/#organization\",\"name\":\"Luc\u00eda Mu\u00f1oz\",\"url\":\"https:\/\/mintnutricion.com\/bak\/\",\"logo\":{\"@type\":\"ImageObject\",\"inLanguage\":\"es\",\"@id\":\"https:\/\/mintnutricion.com\/bak\/#\/schema\/logo\/image\/\",\"url\":\"https:\/\/mintnutricion.com\/bak\/wp-content\/uploads\/cropped-logo-sin-fondo.png\",\"contentUrl\":\"https:\/\/mintnutricion.com\/bak\/wp-content\/uploads\/cropped-logo-sin-fondo.png\",\"width\":280,\"height\":261,\"caption\":\"Luc\u00eda Mu\u00f1oz\"},\"image\":{\"@id\":\"https:\/\/mintnutricion.com\/bak\/#\/schema\/logo\/image\/\"}}]}<\/script>\n<!-- \/ Yoast SEO plugin. -->","yoast_head_json":{"title":"Luc\u00eda Mu\u00f1oz \u25b7 Reservas de consultas presenciales","description":"Accede para solicitar reservas de consula presencial. Ante cualquier duda, pod\u00e9is localizarme en el \ud83d\udcde 673 325 889 o info@mintnutricion.com.","robots":{"index":"noindex","follow":"follow","max-snippet":"max-snippet:-1","max-image-preview":"max-image-preview:large","max-video-preview":"max-video-preview:-1"},"og_locale":"es_ES","og_type":"article","og_title":"Luc\u00eda Mu\u00f1oz \u25b7 Reservas de consultas presenciales","og_description":"Accede para solicitar reservas de consula presencial. Ante cualquier duda, pod\u00e9is localizarme en el \ud83d\udcde 673 325 889 o info@mintnutricion.com.","og_url":"https:\/\/mintnutricion.com\/bak\/reservas\/","og_site_name":"Luc\u00eda Mu\u00f1oz","article_modified_time":"2023-11-14T08:46:34+00:00","twitter_card":"summary_large_image","twitter_misc":{"Tiempo de lectura":"1 minuto"},"schema":{"@context":"https:\/\/schema.org","@graph":[{"@type":"WebPage","@id":"https:\/\/mintnutricion.com\/bak\/reservas\/","url":"https:\/\/mintnutricion.com\/bak\/reservas\/","name":"Luc\u00eda Mu\u00f1oz \u25b7 Reservas de consultas presenciales","isPartOf":{"@id":"https:\/\/mintnutricion.com\/bak\/#website"},"datePublished":"2021-09-06T15:57:59+00:00","dateModified":"2023-11-14T08:46:34+00:00","description":"Accede para solicitar reservas de consula presencial. Ante cualquier duda, pod\u00e9is localizarme en el \ud83d\udcde 673 325 889 o info@mintnutricion.com.","breadcrumb":{"@id":"https:\/\/mintnutricion.com\/bak\/reservas\/#breadcrumb"},"inLanguage":"es","potentialAction":[{"@type":"ReadAction","target":["https:\/\/mintnutricion.com\/bak\/reservas\/"]}]},{"@type":"BreadcrumbList","@id":"https:\/\/mintnutricion.com\/bak\/reservas\/#breadcrumb","itemListElement":[{"@type":"ListItem","position":1,"name":"Portada","item":"https:\/\/mintnutricion.com\/bak\/"},{"@type":"ListItem","position":2,"name":"RESERVAS"}]},{"@type":"WebSite","@id":"https:\/\/mintnutricion.com\/bak\/#website","url":"https:\/\/mintnutricion.com\/bak\/","name":"Luc\u00eda Mu\u00f1oz","description":"Nutrici\u00f3n y Diet\u00e9tica","publisher":{"@id":"https:\/\/mintnutricion.com\/bak\/#organization"},"potentialAction":[{"@type":"SearchAction","target":{"@type":"EntryPoint","urlTemplate":"https:\/\/mintnutricion.com\/bak\/?s={search_term_string}"},"query-input":{"@type":"PropertyValueSpecification","valueRequired":true,"valueName":"search_term_string"}}],"inLanguage":"es"},{"@type":"Organization","@id":"https:\/\/mintnutricion.com\/bak\/#organization","name":"Luc\u00eda Mu\u00f1oz","url":"https:\/\/mintnutricion.com\/bak\/","logo":{"@type":"ImageObject","inLanguage":"es","@id":"https:\/\/mintnutricion.com\/bak\/#\/schema\/logo\/image\/","url":"https:\/\/mintnutricion.com\/bak\/wp-content\/uploads\/cropped-logo-sin-fondo.png","contentUrl":"https:\/\/mintnutricion.com\/bak\/wp-content\/uploads\/cropped-logo-sin-fondo.png","width":280,"height":261,"caption":"Luc\u00eda Mu\u00f1oz"},"image":{"@id":"https:\/\/mintnutricion.com\/bak\/#\/schema\/logo\/image\/"}}]}},"featured_image_src":null,"featured_image_src_square":null,"_links":{"self":[{"href":"https:\/\/mintnutricion.com\/bak\/wp-json\/wp\/v2\/pages\/4641","targetHints":{"allow":["GET"]}}],"collection":[{"href":"https:\/\/mintnutricion.com\/bak\/wp-json\/wp\/v2\/pages"}],"about":[{"href":"https:\/\/mintnutricion.com\/bak\/wp-json\/wp\/v2\/types\/page"}],"author":[{"embeddable":true,"href":"https:\/\/mintnutricion.com\/bak\/wp-json\/wp\/v2\/users\/2"}],"replies":[{"embeddable":true,"href":"https:\/\/mintnutricion.com\/bak\/wp-json\/wp\/v2\/comments?post=4641"}],"version-history":[{"count":0,"href":"https:\/\/mintnutricion.com\/bak\/wp-json\/wp\/v2\/pages\/4641\/revisions"}],"wp:attachment":[{"href":"https:\/\/mintnutricion.com\/bak\/wp-json\/wp\/v2\/media?parent=4641"}],"curies":[{"name":"wp","href":"https:\/\/api.w.org\/{rel}","templated":true}]}}