{"id":234,"date":"2018-09-07T00:36:31","date_gmt":"2018-09-07T00:36:31","guid":{"rendered":"https:\/\/mintnutricion.com\/bak\/?page_id=234"},"modified":"2022-03-03T23:22:59","modified_gmt":"2022-03-03T22:22:59","slug":"politica-de-cookies","status":"publish","type":"page","link":"https:\/\/mintnutricion.com\/bak\/politica-de-cookies\/","title":{"rendered":"Pol\u00edtica de Cookies"},"content":{"rendered":"\n<h2 class=\"wp-block-heading\">a) Definici\u00f3n<\/h2>\n\n\n\n<p class=\"\">Una cookie es un fichero que se descarga en su ordenador\/Smartphone\/Tablet al acceder a determinadas p\u00e1ginas web. Las cookies permiten a una p\u00e1gina web, entre otras cosas, almacenar y recuperar informaci\u00f3n sobre los h\u00e1bitos de navegaci\u00f3n de un usuario o de su equipo y, dependiendo de la informaci\u00f3n que contengan y de la forma en que utilice su equipo, pueden utilizarse para reconocer al usuario.<\/p>\n\n\n\n<p class=\"\">Una de las clasificaciones que se puede hacer de las cookies es sobre la finalidad a la que se destinan, as\u00ed tenemos varios tipos:<\/p>\n\n\n\n<p class=\"\"><em><strong>Cookies <\/strong><\/em><strong>t\u00e9cnicas: <\/strong>Son aqu\u00e9llas que permiten al usuario la navegaci\u00f3n a trav\u00e9s de una p\u00e1gina web, plataforma o aplicaci\u00f3n y la utilizaci\u00f3n de las diferentes opciones o servicios que en ella existan como, por ejemplo, controlar el tr\u00e1fico y la comunicaci\u00f3n de datos, identificar la sesi\u00f3n, acceder a partes de acceso restringido, recordar los elementos que integran un pedido, realizar el proceso de compra de un pedido, realizar la solicitud de inscripci\u00f3n o participaci\u00f3n en un evento, utilizar elementos de seguridad durante la navegaci\u00f3n, almacenar contenidos para la difusi\u00f3n de videos o sonido o compartir contenidos a trav\u00e9s de redes sociales.<\/p>\n\n\n\n<p class=\"\"><em><strong>&#8211; Cookies <\/strong><\/em><strong>de personalizaci\u00f3n<\/strong>: Son aqu\u00e9llas que permiten al usuario acceder al servicio con algunas caracter\u00edsticas de car\u00e1cter general predefinidas en funci\u00f3n de una serie de criterios en el terminal del usuario como por ejemplo serian el idioma, el tipo de navegador a trav\u00e9s del cual accede al servicio, la configuraci\u00f3n regional desde donde accede al servicio, etc.<br>&nbsp;<br><em>&#8211; <strong>Cookies <\/strong><\/em><strong>de an\u00e1lisis:<\/strong> Son aqu\u00e9llas que permiten al responsable de las mismas, el seguimiento y an\u00e1lisis del comportamiento de los usuarios de los sitios web a los que est\u00e1n vinculadas. La informaci\u00f3n recogida mediante este tipo de cookies se utiliza en la medici\u00f3n de la actividad de los sitios web, aplicaci\u00f3n o plataforma y para la elaboraci\u00f3n de perfiles de navegaci\u00f3n de los usuarios de dichos sitios, aplicaciones y plataformas, con el fin de introducir mejoras en funci\u00f3n del an\u00e1lisis de los datos de uso que hacen los usuarios del servicio.<br>&nbsp;<br><em><strong>&#8211; Cookies <\/strong><\/em><strong>publicitarias: <\/strong>Son aqu\u00e9llas que permiten la gesti\u00f3n, de la forma m\u00e1s eficaz posible, de los espacios publicitarios que, en su caso, el editor haya incluido en una p\u00e1gina web, aplicaci\u00f3n o plataforma desde la que presta el servicio solicitado en base a criterios como el contenido editado o la frecuencia en la que se muestran los anuncios.<br>&nbsp;<br><em><strong>&#8211; Cookies de <\/strong><\/em><strong>publicidad comportamental:<\/strong> Son aqu\u00e9llas que permiten la gesti\u00f3n, de la forma m\u00e1s eficaz posible, de los espacios publicitarios que, en su caso, el editor haya incluido en una p\u00e1gina web, aplicaci\u00f3n o plataforma desde la que presta el servicio solicitado. Estas cookies almacenan informaci\u00f3n del comportamiento de los usuarios obtenida a trav\u00e9s de la observaci\u00f3n continuada de sus h\u00e1bitos de navegaci\u00f3n, lo que permite desarrollar un perfil espec\u00edfico para mostrar publicidad en funci\u00f3n del mismo.<\/p>\n\n\n\n<p class=\"\"><\/p>\n\n\n\n<h2 class=\"wp-block-heading\">b) Configuraci\u00f3n en mi equipo.<\/h2>\n\n\n\n<p class=\"\">Si quiere configurar (renovar o cambiar) el consentimiento del uso de cookies, pulse en <b><strong>[wt_cli_manage_consent]<\/strong><\/b><\/p>\n\n\n\n<h2 class=\"wp-block-heading\"><em>c)<\/em> Tipos de cookies en esta web<\/h2>\n\n\n\n<h3 class=\"wp-block-heading\">Cookies necesarias<\/h3>\n\n\n\n<figure class=\"wp-block-table\"><table class=\"has-fixed-layout\"><thead><tr><th>Nombre<\/th><th>Proveedor<\/th><th>Prop\u00f3sito<\/th><th>Caducidad<\/th><th>Tipo<\/th><\/tr><\/thead><tbody><tr><td>PHPSESSID<\/td><td>luciamunoz.es<\/td><td>Esta cookies es esencial para el funcionamiento de la web.<\/td><td>Sesi\u00f3n<\/td><td>HTTP<\/td><\/tr><tr><td>wordpress_logged_in<\/td><td>luciamunoz.es<\/td><td>Cookie de sesi\u00f3n de usuario al identificarse<\/td><td>Sesi\u00f3n<\/td><td>HTTP<\/td><\/tr><tr><td>wordpress_sec_<\/td><td>luciamunoz.es<\/td><td>Cookie t\u00e9cnica de inicio de sesi\u00f3n<\/td><td>Sesi\u00f3n<\/td><td>HTTP<\/td><\/tr><tr><td>wordpress_test_cookie<\/td><td>luciamunoz.es<\/td><td>Comprueba si est\u00e1n activadas las cookies<\/td><td>Sesi\u00f3n<\/td><td>HTTP<\/td><\/tr><tr><td>wp-settings-time-1, wp-settings-1<\/td><td>luciamunoz.es<\/td><td>Personalizar la interfaz de usuario.<\/td><td>1 a\u00f1o<\/td><td>HTTP<\/td><\/tr><tr><td>Cookielawinfo_checkbox-necessary<\/td><td>luciamunoz.es<\/td><td>Almacena el estado de consentimiento de cookies del usuario para el dominio actual necesarias para el funcionamiento del sitio<\/td><td>9 meses<\/td><td>HTTP<\/td><\/tr><tr><td>Cookielawinfo_checkbox-non-necessary<\/td><td>luciamunoz.es<\/td><td>Almacena el estado de consentimiento de cookies del usuario para el dominio actual, no necesarias (Estad\u00edsticas, redes sociales&#8230;)<\/td><td>9 meses<\/td><td>HTTP<\/td><\/tr><tr><td>CookieLawinfoConsent<\/td><td>luciamunoz.es<\/td><td>Almacena el estado de consentimiento de cookies del usuario para el dominio actual.<\/td><td>9 meses<\/td><td>HTTP<\/td><\/tr><tr><td>_stripe_mid<\/td><td>luciamunoz.es<\/td><td>Para la pasarela de pago de la tienda.<\/td><td>1d\u00eda<\/td><td>HTTP<\/td><\/tr><tr><td>_stripe_sid<\/td><td>luciamunoz.es<\/td><td>Para la pasarela de pago de la tienda.<\/td><td>1 d\u00eda<\/td><td>HTTP<\/td><\/tr><tr><td>mailchimp-user_email, mailchimp_user_previus_email<\/td><td>luciamunoz.es<\/td><td>Cookie para el formulario de registro con MailChimp para la newsletter<\/td><td>1 mes<\/td><td>HTTP<\/td><\/tr><tr><td>Woocommerce tk_ai<\/td><td>luciamunoz.es<\/td><td>Cookies para la tienda online de productos y\/o servicios online.<\/td><td>12 meses<\/td><td>HTTP<\/td><\/tr><tr><td>Woocommerce_cart_hash<\/td><td>luciamunoz.es<\/td><td>Cookies para la tienda online<\/td><td>1 d\u00eda<\/td><td>HTTP<\/td><\/tr><tr><td>Woocommerce_items_in_cart<\/td><td>luciamunoz.es<\/td><td>Almacena el estado de consentimiento de cookies del usuario para el dominio actual.<\/td><td>1 d\u00eda<\/td><td>HTTP<\/td><\/tr><\/tbody><\/table><\/figure>\n\n\n\n<h3 class=\"wp-block-heading\">Cookies de Estad\u00edsticas<\/h3>\n\n\n\n<figure class=\"wp-block-table\"><table class=\"has-fixed-layout\"><thead><tr><th>Nombre<\/th><th>Proveedor<\/th><th>Prop\u00f3sito<\/th><th>Caducidad<\/th><th>Tipo<\/th><\/tr><\/thead><tbody><tr><td>_ga<\/td><td>google-analytics.com<\/td><td>Registra una identificaci\u00f3n \u00fanica que se utiliza para generar datos estad\u00edsticos acerca de c\u00f3mo utiliza el visitante el sitio web.<\/td><td>2 a\u00f1os<\/td><td>HTTP<\/td><\/tr><tr><td>_gid<\/td><td>google-analytics.com<\/td><td>Registra una identificaci\u00f3n \u00fanica que se utiliza para generar datos estad\u00edsticos acerca de c\u00f3mo utiliza el visitante el sitio web.<\/td><td>1 d\u00eda<\/td><td>HTTP<\/td><\/tr><tr><td>_gat<\/td><td>google-analytics.com<\/td><td>Utilizado por Google Analytics para controlar la tasa de peticiones<\/td><td>3 meses<\/td><td>HTTP<\/td><\/tr><tr><td>_fbp<\/td><td>Facebook.com<\/td><td>Para el pixel de Facebook<\/td><td>1 d\u00eda<\/td><td>H<\/td><\/tr><\/tbody><\/table><\/figure>\n\n\n\n<h2 class=\"wp-block-heading\">&nbsp; d) \u00bfC\u00f3mo puedo desactivar o eliminar estas cookies en los navegadores?<\/h2>\n\n\n\n<p class=\"\">Al clicar en alg\u00fan enlace de esta <em>web<\/em> se pueden instalar cookies. Una vez abandone esta p\u00e1gina, revise la pol\u00edtica de cookies de esos sitios.<br>&nbsp;<br>&nbsp;&nbsp;El usuario podr\u00e1 -en cualquier momento- elegir qu\u00e9 cookies quiere que funcionen en este sitio web mediante:<\/p>\n\n\n\n<ul class=\"wp-block-list\"><li>la configuraci\u00f3n del&nbsp;navegador; por ejemplo:&nbsp;\n<ul>\n<li>Chrome, desde&nbsp;<a href=\"http:\/\/support.google.com\/chrome\/bin\/answer.py?hl=es&amp;answer=95647\">http:\/\/support.google.com\/chrome\/bin\/answer.py?hl=es&amp;answer=95647<\/a><\/li>\n<li>Explorer, desde&nbsp;<a href=\"http:\/\/windows.microsoft.com\/es-es\/windows7\/how-to-manage-cookies-in-internet-explorer-9\">http:\/\/windows.microsoft.com\/es-es\/windows7\/how-to-manage-cookies-in-internet-explorer-9<\/a><\/li>\n<li>Firefox, desde&nbsp;<a href=\"http:\/\/support.mozilla.org\/es\/kb\/habilitar-y-deshabilitar-cookies-que-los-sitios-we\">http:\/\/support.mozilla.org\/es\/kb\/habilitar-y-deshabilitar-cookies-que-los-sitios-we<\/a><\/li>\n<li>Safari, desde&nbsp;<a href=\"http:\/\/support.apple.com\/kb\/ph5042\">http:\/\/support.apple.com\/kb\/ph5042<\/a><\/li>\n<\/ul>\n<\/li><\/ul>\n\n\n\n<h2 class=\"wp-block-heading\">e) Qu\u00e9 ocurre si se deshabilitan las Cookies<\/h2>\n\n\n\n<p class=\"\"> Algunas funcionalidades de los servicios de la web quedar\u00e1n deshabilitados.<\/p>\n","protected":false},"excerpt":{"rendered":"<p>a) Definici\u00f3n Una cookie es un fichero que se descarga en su ordenador\/Smartphone\/Tablet al acceder a determinadas p\u00e1ginas web. Las cookies permiten a una p\u00e1gina web, entre otras cosas, almacenar y recuperar informaci\u00f3n sobre los h\u00e1bitos de navegaci\u00f3n de un usuario o de su equipo y, dependiendo de la informaci\u00f3n que contengan y de la [&hellip;]<\/p>\n","protected":false},"author":2,"featured_media":0,"parent":0,"menu_order":0,"comment_status":"closed","ping_status":"closed","template":"","meta":{"osom_blocks_metabox":"","inline_featured_image":false,"_genesis_hide_title":false,"_genesis_hide_breadcrumbs":false,"_genesis_hide_singular_image":false,"_genesis_hide_footer_widgets":false,"_genesis_custom_body_class":"","_genesis_custom_post_class":"","_genesis_layout":"","footnotes":""},"class_list":{"0":"post-234","1":"page","2":"type-page","3":"status-publish","5":"entry"},"yoast_head":"<!-- This site is optimized with the Yoast SEO plugin v25.5 - https:\/\/yoast.com\/wordpress\/plugins\/seo\/ -->\n<title>Pol\u00edtica de Cookies - Luc\u00eda Mu\u00f1oz<\/title>\n<meta name=\"robots\" content=\"noindex, nofollow\" \/>\n<meta property=\"og:locale\" content=\"es_ES\" \/>\n<meta property=\"og:type\" content=\"article\" \/>\n<meta property=\"og:title\" content=\"Pol\u00edtica de Cookies - Luc\u00eda Mu\u00f1oz\" \/>\n<meta property=\"og:description\" content=\"a) Definici\u00f3n Una cookie es un fichero que se descarga en su ordenador\/Smartphone\/Tablet al acceder a determinadas p\u00e1ginas web. Las cookies permiten a una p\u00e1gina web, entre otras cosas, almacenar y recuperar informaci\u00f3n sobre los h\u00e1bitos de navegaci\u00f3n de un usuario o de su equipo y, dependiendo de la informaci\u00f3n que contengan y de la [&hellip;]\" \/>\n<meta property=\"og:url\" content=\"https:\/\/mintnutricion.com\/bak\/politica-de-cookies\/\" \/>\n<meta property=\"og:site_name\" content=\"Luc\u00eda Mu\u00f1oz\" \/>\n<meta property=\"article:modified_time\" content=\"2022-03-03T22:22:59+00:00\" \/>\n<meta name=\"twitter:card\" content=\"summary_large_image\" \/>\n<meta name=\"twitter:label1\" content=\"Tiempo de lectura\" \/>\n\t<meta name=\"twitter:data1\" content=\"5 minutos\" \/>\n<script type=\"application\/ld+json\" class=\"yoast-schema-graph\">{\"@context\":\"https:\/\/schema.org\",\"@graph\":[{\"@type\":\"WebPage\",\"@id\":\"https:\/\/mintnutricion.com\/bak\/politica-de-cookies\/\",\"url\":\"https:\/\/mintnutricion.com\/bak\/politica-de-cookies\/\",\"name\":\"Pol\u00edtica de Cookies - Luc\u00eda Mu\u00f1oz\",\"isPartOf\":{\"@id\":\"https:\/\/mintnutricion.com\/bak\/#website\"},\"datePublished\":\"2018-09-07T00:36:31+00:00\",\"dateModified\":\"2022-03-03T22:22:59+00:00\",\"breadcrumb\":{\"@id\":\"https:\/\/mintnutricion.com\/bak\/politica-de-cookies\/#breadcrumb\"},\"inLanguage\":\"es\",\"potentialAction\":[{\"@type\":\"ReadAction\",\"target\":[\"https:\/\/mintnutricion.com\/bak\/politica-de-cookies\/\"]}]},{\"@type\":\"BreadcrumbList\",\"@id\":\"https:\/\/mintnutricion.com\/bak\/politica-de-cookies\/#breadcrumb\",\"itemListElement\":[{\"@type\":\"ListItem\",\"position\":1,\"name\":\"Portada\",\"item\":\"https:\/\/mintnutricion.com\/bak\/\"},{\"@type\":\"ListItem\",\"position\":2,\"name\":\"Pol\u00edtica de Cookies\"}]},{\"@type\":\"WebSite\",\"@id\":\"https:\/\/mintnutricion.com\/bak\/#website\",\"url\":\"https:\/\/mintnutricion.com\/bak\/\",\"name\":\"Luc\u00eda Mu\u00f1oz\",\"description\":\"Nutrici\u00f3n y Diet\u00e9tica\",\"publisher\":{\"@id\":\"https:\/\/mintnutricion.com\/bak\/#organization\"},\"potentialAction\":[{\"@type\":\"SearchAction\",\"target\":{\"@type\":\"EntryPoint\",\"urlTemplate\":\"https:\/\/mintnutricion.com\/bak\/?s={search_term_string}\"},\"query-input\":{\"@type\":\"PropertyValueSpecification\",\"valueRequired\":true,\"valueName\":\"search_term_string\"}}],\"inLanguage\":\"es\"},{\"@type\":\"Organization\",\"@id\":\"https:\/\/mintnutricion.com\/bak\/#organization\",\"name\":\"Luc\u00eda Mu\u00f1oz\",\"url\":\"https:\/\/mintnutricion.com\/bak\/\",\"logo\":{\"@type\":\"ImageObject\",\"inLanguage\":\"es\",\"@id\":\"https:\/\/mintnutricion.com\/bak\/#\/schema\/logo\/image\/\",\"url\":\"https:\/\/mintnutricion.com\/bak\/wp-content\/uploads\/cropped-logo-sin-fondo.png\",\"contentUrl\":\"https:\/\/mintnutricion.com\/bak\/wp-content\/uploads\/cropped-logo-sin-fondo.png\",\"width\":280,\"height\":261,\"caption\":\"Luc\u00eda Mu\u00f1oz\"},\"image\":{\"@id\":\"https:\/\/mintnutricion.com\/bak\/#\/schema\/logo\/image\/\"}}]}<\/script>\n<!-- \/ Yoast SEO plugin. -->","yoast_head_json":{"title":"Pol\u00edtica de Cookies - Luc\u00eda Mu\u00f1oz","robots":{"index":"noindex","follow":"nofollow"},"og_locale":"es_ES","og_type":"article","og_title":"Pol\u00edtica de Cookies - Luc\u00eda Mu\u00f1oz","og_description":"a) Definici\u00f3n Una cookie es un fichero que se descarga en su ordenador\/Smartphone\/Tablet al acceder a determinadas p\u00e1ginas web. Las cookies permiten a una p\u00e1gina web, entre otras cosas, almacenar y recuperar informaci\u00f3n sobre los h\u00e1bitos de navegaci\u00f3n de un usuario o de su equipo y, dependiendo de la informaci\u00f3n que contengan y de la [&hellip;]","og_url":"https:\/\/mintnutricion.com\/bak\/politica-de-cookies\/","og_site_name":"Luc\u00eda Mu\u00f1oz","article_modified_time":"2022-03-03T22:22:59+00:00","twitter_card":"summary_large_image","twitter_misc":{"Tiempo de lectura":"5 minutos"},"schema":{"@context":"https:\/\/schema.org","@graph":[{"@type":"WebPage","@id":"https:\/\/mintnutricion.com\/bak\/politica-de-cookies\/","url":"https:\/\/mintnutricion.com\/bak\/politica-de-cookies\/","name":"Pol\u00edtica de Cookies - Luc\u00eda Mu\u00f1oz","isPartOf":{"@id":"https:\/\/mintnutricion.com\/bak\/#website"},"datePublished":"2018-09-07T00:36:31+00:00","dateModified":"2022-03-03T22:22:59+00:00","breadcrumb":{"@id":"https:\/\/mintnutricion.com\/bak\/politica-de-cookies\/#breadcrumb"},"inLanguage":"es","potentialAction":[{"@type":"ReadAction","target":["https:\/\/mintnutricion.com\/bak\/politica-de-cookies\/"]}]},{"@type":"BreadcrumbList","@id":"https:\/\/mintnutricion.com\/bak\/politica-de-cookies\/#breadcrumb","itemListElement":[{"@type":"ListItem","position":1,"name":"Portada","item":"https:\/\/mintnutricion.com\/bak\/"},{"@type":"ListItem","position":2,"name":"Pol\u00edtica de Cookies"}]},{"@type":"WebSite","@id":"https:\/\/mintnutricion.com\/bak\/#website","url":"https:\/\/mintnutricion.com\/bak\/","name":"Luc\u00eda Mu\u00f1oz","description":"Nutrici\u00f3n y Diet\u00e9tica","publisher":{"@id":"https:\/\/mintnutricion.com\/bak\/#organization"},"potentialAction":[{"@type":"SearchAction","target":{"@type":"EntryPoint","urlTemplate":"https:\/\/mintnutricion.com\/bak\/?s={search_term_string}"},"query-input":{"@type":"PropertyValueSpecification","valueRequired":true,"valueName":"search_term_string"}}],"inLanguage":"es"},{"@type":"Organization","@id":"https:\/\/mintnutricion.com\/bak\/#organization","name":"Luc\u00eda Mu\u00f1oz","url":"https:\/\/mintnutricion.com\/bak\/","logo":{"@type":"ImageObject","inLanguage":"es","@id":"https:\/\/mintnutricion.com\/bak\/#\/schema\/logo\/image\/","url":"https:\/\/mintnutricion.com\/bak\/wp-content\/uploads\/cropped-logo-sin-fondo.png","contentUrl":"https:\/\/mintnutricion.com\/bak\/wp-content\/uploads\/cropped-logo-sin-fondo.png","width":280,"height":261,"caption":"Luc\u00eda Mu\u00f1oz"},"image":{"@id":"https:\/\/mintnutricion.com\/bak\/#\/schema\/logo\/image\/"}}]}},"featured_image_src":null,"featured_image_src_square":null,"_links":{"self":[{"href":"https:\/\/mintnutricion.com\/bak\/wp-json\/wp\/v2\/pages\/234","targetHints":{"allow":["GET"]}}],"collection":[{"href":"https:\/\/mintnutricion.com\/bak\/wp-json\/wp\/v2\/pages"}],"about":[{"href":"https:\/\/mintnutricion.com\/bak\/wp-json\/wp\/v2\/types\/page"}],"author":[{"embeddable":true,"href":"https:\/\/mintnutricion.com\/bak\/wp-json\/wp\/v2\/users\/2"}],"replies":[{"embeddable":true,"href":"https:\/\/mintnutricion.com\/bak\/wp-json\/wp\/v2\/comments?post=234"}],"version-history":[{"count":0,"href":"https:\/\/mintnutricion.com\/bak\/wp-json\/wp\/v2\/pages\/234\/revisions"}],"wp:attachment":[{"href":"https:\/\/mintnutricion.com\/bak\/wp-json\/wp\/v2\/media?parent=234"}],"curies":[{"name":"wp","href":"https:\/\/api.w.org\/{rel}","templated":true}]}}