{"id":13367,"date":"2025-04-26T18:56:47","date_gmt":"2025-04-26T16:56:47","guid":{"rendered":"https:\/\/mintnutricion.com\/bak\/?page_id=13367"},"modified":"2025-04-27T21:54:53","modified_gmt":"2025-04-27T19:54:53","slug":"hacer-el-test-saludable","status":"publish","type":"page","link":"https:\/\/mintnutricion.com\/bak\/test-saludable\/hacer-el-test-saludable\/","title":{"rendered":"Hacer el test Saludable"},"content":{"rendered":"\n<div style=\"height:3.2rem\" aria-hidden=\"true\" class=\"wp-block-spacer\"><\/div>\n\n\n\n<div data-paperform-id=\"test-lucia-munoz\"><\/div><script>(function() {var script = document.createElement('script'); script.src = \"https:\/\/paperform.co\/__embed.min.js\"; document.body.appendChild(script); })()<\/script>\n","protected":false},"excerpt":{"rendered":"","protected":false},"author":7,"featured_media":0,"parent":13353,"menu_order":0,"comment_status":"closed","ping_status":"closed","template":"page-templates\/inicio.php","meta":{"osom_blocks_metabox":"","inline_featured_image":false,"_genesis_hide_title":true,"_genesis_hide_breadcrumbs":false,"_genesis_hide_singular_image":false,"_genesis_hide_footer_widgets":false,"_genesis_custom_body_class":"","_genesis_custom_post_class":"","_genesis_layout":"","footnotes":""},"class_list":{"0":"post-13367","1":"page","2":"type-page","3":"status-publish","5":"entry"},"yoast_head":"<!-- This site is optimized with the Yoast SEO plugin v25.5 - https:\/\/yoast.com\/wordpress\/plugins\/seo\/ -->\n<title>Hacer el test Saludable - Luc\u00eda Mu\u00f1oz<\/title>\n<meta name=\"robots\" content=\"noindex, follow, max-snippet:-1, max-image-preview:large, max-video-preview:-1\" \/>\n<meta property=\"og:locale\" content=\"es_ES\" \/>\n<meta property=\"og:type\" content=\"article\" \/>\n<meta property=\"og:title\" content=\"Hacer el test Saludable - Luc\u00eda Mu\u00f1oz\" \/>\n<meta property=\"og:url\" content=\"https:\/\/mintnutricion.com\/bak\/test-saludable\/hacer-el-test-saludable\/\" \/>\n<meta property=\"og:site_name\" content=\"Luc\u00eda Mu\u00f1oz\" \/>\n<meta property=\"article:modified_time\" content=\"2025-04-27T19:54:53+00:00\" \/>\n<meta name=\"twitter:card\" content=\"summary_large_image\" \/>\n<script type=\"application\/ld+json\" class=\"yoast-schema-graph\">{\"@context\":\"https:\/\/schema.org\",\"@graph\":[{\"@type\":\"WebPage\",\"@id\":\"https:\/\/mintnutricion.com\/bak\/test-saludable\/hacer-el-test-saludable\/\",\"url\":\"https:\/\/mintnutricion.com\/bak\/test-saludable\/hacer-el-test-saludable\/\",\"name\":\"Hacer el test Saludable - Luc\u00eda Mu\u00f1oz\",\"isPartOf\":{\"@id\":\"https:\/\/mintnutricion.com\/bak\/#website\"},\"datePublished\":\"2025-04-26T16:56:47+00:00\",\"dateModified\":\"2025-04-27T19:54:53+00:00\",\"breadcrumb\":{\"@id\":\"https:\/\/mintnutricion.com\/bak\/test-saludable\/hacer-el-test-saludable\/#breadcrumb\"},\"inLanguage\":\"es\",\"potentialAction\":[{\"@type\":\"ReadAction\",\"target\":[\"https:\/\/mintnutricion.com\/bak\/test-saludable\/hacer-el-test-saludable\/\"]}]},{\"@type\":\"BreadcrumbList\",\"@id\":\"https:\/\/mintnutricion.com\/bak\/test-saludable\/hacer-el-test-saludable\/#breadcrumb\",\"itemListElement\":[{\"@type\":\"ListItem\",\"position\":1,\"name\":\"Portada\",\"item\":\"https:\/\/mintnutricion.com\/bak\/\"},{\"@type\":\"ListItem\",\"position\":2,\"name\":\"Test Saludable\",\"item\":\"https:\/\/mintnutricion.com\/bak\/test-saludable\/\"},{\"@type\":\"ListItem\",\"position\":3,\"name\":\"Hacer el test Saludable\"}]},{\"@type\":\"WebSite\",\"@id\":\"https:\/\/mintnutricion.com\/bak\/#website\",\"url\":\"https:\/\/mintnutricion.com\/bak\/\",\"name\":\"Luc\u00eda Mu\u00f1oz\",\"description\":\"Nutrici\u00f3n y Diet\u00e9tica\",\"publisher\":{\"@id\":\"https:\/\/mintnutricion.com\/bak\/#organization\"},\"potentialAction\":[{\"@type\":\"SearchAction\",\"target\":{\"@type\":\"EntryPoint\",\"urlTemplate\":\"https:\/\/mintnutricion.com\/bak\/?s={search_term_string}\"},\"query-input\":{\"@type\":\"PropertyValueSpecification\",\"valueRequired\":true,\"valueName\":\"search_term_string\"}}],\"inLanguage\":\"es\"},{\"@type\":\"Organization\",\"@id\":\"https:\/\/mintnutricion.com\/bak\/#organization\",\"name\":\"Luc\u00eda Mu\u00f1oz\",\"url\":\"https:\/\/mintnutricion.com\/bak\/\",\"logo\":{\"@type\":\"ImageObject\",\"inLanguage\":\"es\",\"@id\":\"https:\/\/mintnutricion.com\/bak\/#\/schema\/logo\/image\/\",\"url\":\"https:\/\/mintnutricion.com\/bak\/wp-content\/uploads\/cropped-logo-sin-fondo.png\",\"contentUrl\":\"https:\/\/mintnutricion.com\/bak\/wp-content\/uploads\/cropped-logo-sin-fondo.png\",\"width\":280,\"height\":261,\"caption\":\"Luc\u00eda Mu\u00f1oz\"},\"image\":{\"@id\":\"https:\/\/mintnutricion.com\/bak\/#\/schema\/logo\/image\/\"}}]}<\/script>\n<!-- \/ Yoast SEO plugin. -->","yoast_head_json":{"title":"Hacer el test Saludable - Luc\u00eda Mu\u00f1oz","robots":{"index":"noindex","follow":"follow","max-snippet":"max-snippet:-1","max-image-preview":"max-image-preview:large","max-video-preview":"max-video-preview:-1"},"og_locale":"es_ES","og_type":"article","og_title":"Hacer el test Saludable - Luc\u00eda Mu\u00f1oz","og_url":"https:\/\/mintnutricion.com\/bak\/test-saludable\/hacer-el-test-saludable\/","og_site_name":"Luc\u00eda Mu\u00f1oz","article_modified_time":"2025-04-27T19:54:53+00:00","twitter_card":"summary_large_image","schema":{"@context":"https:\/\/schema.org","@graph":[{"@type":"WebPage","@id":"https:\/\/mintnutricion.com\/bak\/test-saludable\/hacer-el-test-saludable\/","url":"https:\/\/mintnutricion.com\/bak\/test-saludable\/hacer-el-test-saludable\/","name":"Hacer el test Saludable - Luc\u00eda Mu\u00f1oz","isPartOf":{"@id":"https:\/\/mintnutricion.com\/bak\/#website"},"datePublished":"2025-04-26T16:56:47+00:00","dateModified":"2025-04-27T19:54:53+00:00","breadcrumb":{"@id":"https:\/\/mintnutricion.com\/bak\/test-saludable\/hacer-el-test-saludable\/#breadcrumb"},"inLanguage":"es","potentialAction":[{"@type":"ReadAction","target":["https:\/\/mintnutricion.com\/bak\/test-saludable\/hacer-el-test-saludable\/"]}]},{"@type":"BreadcrumbList","@id":"https:\/\/mintnutricion.com\/bak\/test-saludable\/hacer-el-test-saludable\/#breadcrumb","itemListElement":[{"@type":"ListItem","position":1,"name":"Portada","item":"https:\/\/mintnutricion.com\/bak\/"},{"@type":"ListItem","position":2,"name":"Test Saludable","item":"https:\/\/mintnutricion.com\/bak\/test-saludable\/"},{"@type":"ListItem","position":3,"name":"Hacer el test Saludable"}]},{"@type":"WebSite","@id":"https:\/\/mintnutricion.com\/bak\/#website","url":"https:\/\/mintnutricion.com\/bak\/","name":"Luc\u00eda Mu\u00f1oz","description":"Nutrici\u00f3n y Diet\u00e9tica","publisher":{"@id":"https:\/\/mintnutricion.com\/bak\/#organization"},"potentialAction":[{"@type":"SearchAction","target":{"@type":"EntryPoint","urlTemplate":"https:\/\/mintnutricion.com\/bak\/?s={search_term_string}"},"query-input":{"@type":"PropertyValueSpecification","valueRequired":true,"valueName":"search_term_string"}}],"inLanguage":"es"},{"@type":"Organization","@id":"https:\/\/mintnutricion.com\/bak\/#organization","name":"Luc\u00eda Mu\u00f1oz","url":"https:\/\/mintnutricion.com\/bak\/","logo":{"@type":"ImageObject","inLanguage":"es","@id":"https:\/\/mintnutricion.com\/bak\/#\/schema\/logo\/image\/","url":"https:\/\/mintnutricion.com\/bak\/wp-content\/uploads\/cropped-logo-sin-fondo.png","contentUrl":"https:\/\/mintnutricion.com\/bak\/wp-content\/uploads\/cropped-logo-sin-fondo.png","width":280,"height":261,"caption":"Luc\u00eda Mu\u00f1oz"},"image":{"@id":"https:\/\/mintnutricion.com\/bak\/#\/schema\/logo\/image\/"}}]}},"featured_image_src":null,"featured_image_src_square":null,"_links":{"self":[{"href":"https:\/\/mintnutricion.com\/bak\/wp-json\/wp\/v2\/pages\/13367","targetHints":{"allow":["GET"]}}],"collection":[{"href":"https:\/\/mintnutricion.com\/bak\/wp-json\/wp\/v2\/pages"}],"about":[{"href":"https:\/\/mintnutricion.com\/bak\/wp-json\/wp\/v2\/types\/page"}],"author":[{"embeddable":true,"href":"https:\/\/mintnutricion.com\/bak\/wp-json\/wp\/v2\/users\/7"}],"replies":[{"embeddable":true,"href":"https:\/\/mintnutricion.com\/bak\/wp-json\/wp\/v2\/comments?post=13367"}],"version-history":[{"count":4,"href":"https:\/\/mintnutricion.com\/bak\/wp-json\/wp\/v2\/pages\/13367\/revisions"}],"predecessor-version":[{"id":13379,"href":"https:\/\/mintnutricion.com\/bak\/wp-json\/wp\/v2\/pages\/13367\/revisions\/13379"}],"up":[{"embeddable":true,"href":"https:\/\/mintnutricion.com\/bak\/wp-json\/wp\/v2\/pages\/13353"}],"wp:attachment":[{"href":"https:\/\/mintnutricion.com\/bak\/wp-json\/wp\/v2\/media?parent=13367"}],"curies":[{"name":"wp","href":"https:\/\/api.w.org\/{rel}","templated":true}]}}